{"id":247,"date":"2023-11-01T09:17:41","date_gmt":"2023-11-01T09:17:41","guid":{"rendered":"https:\/\/acuiferoguarani.org\/?page_id=247"},"modified":"2025-01-09T17:06:56","modified_gmt":"2025-01-09T17:06:56","slug":"acuifero","status":"publish","type":"page","link":"https:\/\/acuiferoguarani.org\/pt\/acuifero\/","title":{"rendered":"Aqu\u00edfero"},"content":{"rendered":"<div data-elementor-type=\"wp-page\" data-elementor-id=\"247\" class=\"elementor elementor-247\" data-elementor-settings=\"{&quot;ha_cmc_init_switcher&quot;:&quot;no&quot;}\" data-elementor-post-type=\"page\">\n\t\t\t\t<div class=\"elementor-element elementor-element-57fed5d6 e-flex e-con-boxed e-con e-parent\" data-id=\"57fed5d6\" data-element_type=\"container\" data-e-type=\"container\" data-settings=\"{&quot;background_background&quot;:&quot;classic&quot;,&quot;_ha_eqh_enable&quot;:false}\">\n\t\t\t\t\t<div class=\"e-con-inner\">\n\t\t<div class=\"elementor-element elementor-element-51827ca8 e-con-full e-flex e-con e-child\" data-id=\"51827ca8\" data-element_type=\"container\" data-e-type=\"container\" data-settings=\"{&quot;_ha_eqh_enable&quot;:false}\">\n\t\t\t\t<div class=\"elementor-element elementor-element-766efc2d elementor-widget elementor-widget-image\" data-id=\"766efc2d\" data-element_type=\"widget\" data-e-type=\"widget\" data-widget_type=\"image.default\">\n\t\t\t\t<div class=\"elementor-widget-container\">\n\t\t\t\t\t\t\t\t\t\t\t\t\t\t\t\t<a href=\"https:\/\/acuiferoguarani.org\/pt\">\n\t\t\t\t\t\t\t<img fetchpriority=\"high\" decoding=\"async\" width=\"768\" height=\"128\" src=\"https:\/\/acuiferoguarani.org\/wp-content\/uploads\/2023\/11\/logo-banderas-1-768x128.png\" class=\"attachment-medium_large size-medium_large wp-image-400\" alt=\"\" srcset=\"https:\/\/acuiferoguarani.org\/wp-content\/uploads\/2023\/11\/logo-banderas-1-768x128.png 768w, https:\/\/acuiferoguarani.org\/wp-content\/uploads\/2023\/11\/logo-banderas-1-300x50.png 300w, https:\/\/acuiferoguarani.org\/wp-content\/uploads\/2023\/11\/logo-banderas-1-1024x171.png 1024w, https:\/\/acuiferoguarani.org\/wp-content\/uploads\/2023\/11\/logo-banderas-1-1536x256.png 1536w, https:\/\/acuiferoguarani.org\/wp-content\/uploads\/2023\/11\/logo-banderas-1-1568x262.png 1568w, https:\/\/acuiferoguarani.org\/wp-content\/uploads\/2023\/11\/logo-banderas-1.png 1743w\" sizes=\"(max-width: 768px) 100vw, 768px\" \/>\t\t\t\t\t\t\t\t<\/a>\n\t\t\t\t\t\t\t\t\t\t\t\t\t\t\t<\/div>\n\t\t\t\t<\/div>\n\t\t\t\t<\/div>\n\t\t<div class=\"elementor-element elementor-element-53f520cc e-con-full e-flex e-con e-child\" data-id=\"53f520cc\" data-element_type=\"container\" data-e-type=\"container\" data-settings=\"{&quot;_ha_eqh_enable&quot;:false}\">\n\t\t\t\t<div class=\"elementor-widget-ha-navigation-menu happy-addon ha-navigation-menu elementor-element elementor-element-8bd075a elementor-widget elementor-widget-global elementor-global-831 elementor-widget-ha-navigation-menu\" data-id=\"8bd075a\" data-element_type=\"widget\" data-e-type=\"widget\" data-widget_type=\"ha-navigation-menu.default\">\n\t\t\t\t<div class=\"elementor-widget-container\">\n\t\t\t\t\t<nav class=\"ha-nav-menu ha-navigation-menu-wrapper\"><div class=\"menu-inicio-container\">\t\t\t\t<div class=\"ha-nav-humberger-wrapper\">\n\t\t\t\t\t<span class=\"ha-menu-open-icon ha-menu-toggler\" data-humberger=\"open\"><i aria-hidden=\"true\" class=\"fas fa-bars\"><\/i><\/span>\n\t\t\t\t\t<span class=\"ha-menu-close-icon ha-menu-toggler hide-icon\" data-humberger=\"close\"><i aria-hidden=\"true\" class=\"far fa-window-close\"><\/i><\/span>\n\t\t\t\t<\/div>\n\t\t\t<ul id=\"menu-inicio\" class=\"menu\"><li id=\"menu-item-260\" class=\"menu-item menu-item-type-post_type menu-item-object-page\"><a href=\"https:\/\/acuiferoguarani.org\/pt\/proyecto\/\" class=\"menu-link\"><span class=\"menu-item-title\">Projeto<\/span><\/a><\/li>\n<li id=\"menu-item-261\" class=\"menu-item menu-item-type-post_type menu-item-object-page\"><a href=\"https:\/\/acuiferoguarani.org\/pt\/acuifero\/\" class=\"menu-link\"><span class=\"menu-item-title\">Aqu\u00edfero<\/span><\/a><\/li>\n<li id=\"menu-item-257\" class=\"menu-item menu-item-type-post_type menu-item-object-page\"><a href=\"https:\/\/acuiferoguarani.org\/pt\/recursos\/\" class=\"menu-link\"><span class=\"menu-item-title\">Recursos<\/span><\/a><\/li>\n<li id=\"menu-item-784\" class=\"menu-item menu-item-type-custom menu-item-object-custom menu-item-has-children\"><a aria-expanded=\"false\" href=\"#\" class=\"menu-link\"><span class=\"menu-item-title\">Novidades<\/span><\/a><span class=\"ha-submenu-indicator-wrap fas fa-angle-down\"><\/span>\n<ul class=\"sub-menu\">\n\t<li id=\"menu-item-812\" class=\"menu-item menu-item-type-post_type menu-item-object-page\"><a href=\"https:\/\/acuiferoguarani.org\/pt\/noticias-argentina\/\" class=\"menu-link\"><span class=\"menu-item-title\">Noticias Argentina<\/span><\/a>\t<li id=\"menu-item-816\" class=\"menu-item menu-item-type-post_type menu-item-object-page\"><a href=\"https:\/\/acuiferoguarani.org\/pt\/noticias-brasil\/\" class=\"menu-link\"><span class=\"menu-item-title\">Noticias Brasil<\/span><\/a>\t<li id=\"menu-item-817\" class=\"menu-item menu-item-type-post_type menu-item-object-page\"><a href=\"https:\/\/acuiferoguarani.org\/pt\/noticias-paraguay\/\" class=\"menu-link\"><span class=\"menu-item-title\">Noticias Paraguay<\/span><\/a>\t<li id=\"menu-item-815\" class=\"menu-item menu-item-type-post_type menu-item-object-page\"><a href=\"https:\/\/acuiferoguarani.org\/pt\/noticias-uruguay\/\" class=\"menu-link\"><span class=\"menu-item-title\">Noticias Uruguay<\/span><\/a><\/ul>\n<\/li>\n<li id=\"menu-item-966\" class=\"menu-item menu-item-type-post_type menu-item-object-page\"><a href=\"https:\/\/acuiferoguarani.org\/pt\/testimonios\/\" class=\"menu-link\"><span class=\"menu-item-title\">Testemunho<\/span><\/a><\/li>\n<li id=\"menu-item-612\" class=\"trp-language-switcher-container menu-item menu-item-type-post_type menu-item-object-language_switcher\"><a href=\"https:\/\/acuiferoguarani.org\/wp-json\/wp\/v2\/pages\/247\/\" class=\"menu-link\"><span class=\"menu-item-title\"><span data-no-translation><span class=\"trp-ls-language-name\">ES<\/span><\/span><\/span><\/a><\/li>\n<\/ul><\/div><\/nav>\t\t\t\t<\/div>\n\t\t\t\t<\/div>\n\t\t\t\t<\/div>\n\t\t\t\t\t<\/div>\n\t\t\t\t<\/div>\n\t\t<div class=\"elementor-element elementor-element-26a0b39a e-flex e-con-boxed e-con e-parent\" data-id=\"26a0b39a\" data-element_type=\"container\" data-e-type=\"container\" data-settings=\"{&quot;background_background&quot;:&quot;gradient&quot;,&quot;_ha_eqh_enable&quot;:false}\">\n\t\t\t\t\t<div class=\"e-con-inner\">\n\t\t<div class=\"elementor-element elementor-element-649a461c e-con-full e-flex e-con e-child\" data-id=\"649a461c\" data-element_type=\"container\" data-e-type=\"container\" data-settings=\"{&quot;_ha_eqh_enable&quot;:false}\">\n\t\t\t\t<div class=\"elementor-element elementor-element-337c05af elementor-widget elementor-widget-heading\" data-id=\"337c05af\" data-element_type=\"widget\" data-e-type=\"widget\" data-widget_type=\"heading.default\">\n\t\t\t\t<div class=\"elementor-widget-container\">\n\t\t\t\t\t<h2 class=\"elementor-heading-title elementor-size-default\">O SISTEMA AQU\u00cdFERO GUARANI<\/h2>\t\t\t\t<\/div>\n\t\t\t\t<\/div>\n\t\t\t\t<div class=\"elementor-element elementor-element-62346743 elementor-widget elementor-widget-text-editor\" data-id=\"62346743\" data-element_type=\"widget\" data-e-type=\"widget\" data-widget_type=\"text-editor.default\">\n\t\t\t\t<div class=\"elementor-widget-container\">\n\t\t\t\t\t\t\t\t\t<p>O Sistema Aqu\u00edfero Guarani \u00e9 um recurso h\u00eddrico transfronteiri\u00e7o de grande importancia para os pa\u00edses que o compartilham: Argentina, Brasil, Paraguai e Uruguai. Constitui uma fonte de \u00e1gua doce para milh\u00f5es de pessoas, atendendo \u00e0s necessidades dom\u00e9sticas, agr\u00edcolas, industriais e tur\u00edsticas em uma extensa \u00e1rea de mais de um milh\u00e3o de quil\u00f4metros quadrados.\u00a0<\/p>\t\t\t\t\t\t\t\t<\/div>\n\t\t\t\t<\/div>\n\t\t\t\t<\/div>\n\t\t\t\t\t<\/div>\n\t\t\t\t<\/div>\n\t\t<div class=\"elementor-element elementor-element-2a4e6851 e-flex e-con-boxed e-con e-parent\" data-id=\"2a4e6851\" data-element_type=\"container\" data-e-type=\"container\" data-settings=\"{&quot;background_background&quot;:&quot;classic&quot;,&quot;_ha_eqh_enable&quot;:false}\">\n\t\t\t\t\t<div class=\"e-con-inner\">\n\t\t<div class=\"elementor-element elementor-element-4b681223 e-con-full e-flex e-con e-child\" data-id=\"4b681223\" data-element_type=\"container\" data-e-type=\"container\" data-settings=\"{&quot;_ha_eqh_enable&quot;:false}\">\n\t\t\t\t<div class=\"elementor-element elementor-element-4aef3ae elementor-widget elementor-widget-image\" data-id=\"4aef3ae\" data-element_type=\"widget\" data-e-type=\"widget\" data-widget_type=\"image.default\">\n\t\t\t\t<div class=\"elementor-widget-container\">\n\t\t\t\t\t\t\t\t\t\t\t\t\t\t\t<img decoding=\"async\" width=\"652\" height=\"631\" src=\"https:\/\/acuiferoguarani.org\/wp-content\/uploads\/2023\/11\/mapa.png\" class=\"attachment-full size-full wp-image-393\" alt=\"\" srcset=\"https:\/\/acuiferoguarani.org\/wp-content\/uploads\/2023\/11\/mapa.png 652w, https:\/\/acuiferoguarani.org\/wp-content\/uploads\/2023\/11\/mapa-300x290.png 300w\" sizes=\"(max-width: 652px) 100vw, 652px\" \/>\t\t\t\t\t\t\t\t\t\t\t\t\t\t\t<\/div>\n\t\t\t\t<\/div>\n\t\t\t\t<\/div>\n\t\t<div class=\"elementor-element elementor-element-522182a e-con-full e-flex e-con e-child\" data-id=\"522182a\" data-element_type=\"container\" data-e-type=\"container\" data-settings=\"{&quot;_ha_eqh_enable&quot;:false}\">\n\t\t\t\t<div class=\"elementor-element elementor-element-5229657 elementor-widget elementor-widget-text-editor\" data-id=\"5229657\" data-element_type=\"widget\" data-e-type=\"widget\" data-widget_type=\"text-editor.default\">\n\t\t\t\t<div class=\"elementor-widget-container\">\n\t\t\t\t\t\t\t\t\t<p>A distribui\u00e7\u00e3o do aqu\u00edfero nos quatro pa\u00edses \u00e9 desigual, mas em todos eles sua prote\u00e7\u00e3o e gest\u00e3o sustent\u00e1vel s\u00e3o de vital import\u00e2ncia, dada \u00e0 sua natureza estrat\u00e9gica para o bem-estar da popula\u00e7\u00e3o e o desenvolvimento econ\u00f4mico.<\/p>\t\t\t\t\t\t\t\t<\/div>\n\t\t\t\t<\/div>\n\t\t\t\t<div class=\"elementor-element elementor-element-e50dd34 elementor-widget elementor-widget-Table\" data-id=\"e50dd34\" data-element_type=\"widget\" data-e-type=\"widget\" data-widget_type=\"Table.default\">\n\t\t\t\t<div class=\"elementor-widget-container\">\n\t\t\t\t\t\t\t<table class=\"tafe-table\">\n\t\t\t<thead  class=\"tafe-table-header\">\n\t\t\t\t<tr>\n\t\t\t\t\t<th class=\"elementor-inline-editing elementor-repeater-item-6838114\"   >Pa\u00eds<\/th><th class=\"elementor-inline-editing elementor-repeater-item-39b9b76\"   >Superficie do SAG<\/th><th class=\"elementor-inline-editing elementor-repeater-item-944fbcf\"   >Percentual do SAG<\/th>\t\t\t\t<\/tr>\n\t\t\t<\/thead>\n\t\t\t\t\t\t<tbody class=\"tafe-table-body\">\n\t\t\t\t<tr>\n\t\t\t\t\t<\/tr><tr><td data-label=\"Pa\u00eds\"   class=\"elementor-repeater-item-9563aff td-content-type-default\" >Argentina<\/td><td data-label=\"Superficie del SAG\"   class=\"elementor-repeater-item-57e735a td-content-type-default\" >228.255 km2<\/td><td data-label=\"Porcentaje del SAG\"   class=\"elementor-repeater-item-184798f td-content-type-default\" >21,0<\/td><\/tr><tr><td data-label=\"Pa\u00eds\"   class=\"elementor-repeater-item-004a8fe td-content-type-default\" >Brasil<\/td><td data-label=\"Superficie del SAG\"   class=\"elementor-repeater-item-d8b369d td-content-type-default\" >735.918 km2<\/td><td data-label=\"Porcentaje del SAG\"   class=\"elementor-repeater-item-86aa533 td-content-type-default\" >67,6<\/td><\/tr><tr><td data-label=\"Pa\u00eds\"   class=\"elementor-repeater-item-dd521ae td-content-type-default\" >Paraguai<\/td><td data-label=\"Superficie del SAG\"   class=\"elementor-repeater-item-99acb58 td-content-type-default\" >87.536 km2<\/td><td data-label=\"Porcentaje del SAG\"   class=\"elementor-repeater-item-87618b4 td-content-type-default\" >8,1<\/td><\/tr><tr><td data-label=\"Pa\u00eds\"   class=\"elementor-repeater-item-daa5d38 td-content-type-default\" >Uruguai<\/td><td data-label=\"Superficie del SAG\"   class=\"elementor-repeater-item-a63a31d td-content-type-default\" >36.170 km2<\/td><td data-label=\"Porcentaje del SAG\"   class=\"elementor-repeater-item-0bd4f1d td-content-type-default\" >3,3<\/td><\/tr><tr><td data-label=\"Pa\u00eds\"   class=\"elementor-repeater-item-5e77a4d td-content-type-default\" >Total<\/td><td data-label=\"Superficie del SAG\"   class=\"elementor-repeater-item-ba95da8 td-content-type-default\" >1.087.879 km2<\/td><td data-label=\"Porcentaje del SAG\"   class=\"elementor-repeater-item-971eb9a td-content-type-default\" >100<\/td>\t\t\t\t<\/tr>\n\t\t\t<\/tbody>\n\t\t<\/table>\n\t\t\n\t\t\t\t\t\t<\/div>\n\t\t\t\t<\/div>\n\t\t\t\t<\/div>\n\t\t\t\t\t<\/div>\n\t\t\t\t<\/div>\n\t\t<div class=\"elementor-element elementor-element-521536d1 e-flex e-con-boxed e-con e-parent\" data-id=\"521536d1\" data-element_type=\"container\" data-e-type=\"container\" data-settings=\"{&quot;background_background&quot;:&quot;classic&quot;,&quot;_ha_eqh_enable&quot;:false}\">\n\t\t\t\t\t<div class=\"e-con-inner\">\n\t\t<div class=\"elementor-element elementor-element-61e42941 e-con-full e-flex e-con e-child\" data-id=\"61e42941\" data-element_type=\"container\" data-e-type=\"container\" data-settings=\"{&quot;_ha_eqh_enable&quot;:false}\">\n\t\t\t\t<div class=\"elementor-element elementor-element-5cc82c74 elementor-widget elementor-widget-text-editor\" data-id=\"5cc82c74\" data-element_type=\"widget\" data-e-type=\"widget\" data-widget_type=\"text-editor.default\">\n\t\t\t\t<div class=\"elementor-widget-container\">\n\t\t\t\t\t\t\t\t\t<p>ANTECEDENTES DO <b>PROJETO<\/b><\/p>\t\t\t\t\t\t\t\t<\/div>\n\t\t\t\t<\/div>\n\t\t\t\t<div class=\"elementor-element elementor-element-768108e elementor-widget elementor-widget-text-editor\" data-id=\"768108e\" data-element_type=\"widget\" data-e-type=\"widget\" data-widget_type=\"text-editor.default\">\n\t\t\t\t<div class=\"elementor-widget-container\">\n\t\t\t\t\t\t\t\t\t<p>Dada a relev\u00e2ncia e magnitude desse recurso natural, em 2010 os quatro pa\u00edses assinaram um acordo multilateral para gerenciar o Sistema Aqu\u00edfero Guarani, que ap\u00f3s uma d\u00e9cada de di\u00e1logos cient\u00edficos, pol\u00edticos e diplom\u00e1ticos, entrou em vigor em novembro de 2020. \u00c9 o primeiro na Am\u00e9rica Latina para a gest\u00e3o cooperativa e sustent\u00e1vel de um aqu\u00edfero transfronteiri\u00e7o. O acordo n\u00e3o afeta a soberania territorial de cada pa\u00eds sobre seus recursos naturais, mas convoca os Estados a tomar \"todas as medidas necess\u00e1rias para evitar causar danos significativos a outras partes ou ao meio ambiente\".\u00a0<span style=\"text-align: var(--text-align);\">El acuerdo no afecta la soberan\u00eda territorial de cada pa\u00eds sobre sus recursos naturales, sino que invita a los Estados a tomar \u201ctodas las medidas necesarias para evitar que se causen perjuicios sensibles a las otras partes o al medioambiente\u201d.<\/span><\/p><p>\u00a0<\/p><p>Como precedente do Acordo, entre 2003 e 2009, foi implementado um projeto de trabalho coletivo para desenvolver o conhecimento e a intera\u00e7\u00e3o entre os setores relacionados \u00e0 gest\u00e3o de recursos h\u00eddricos nos quatro pa\u00edses, o que resultou em um Programa de A\u00e7\u00e3o Estrat\u00e9gica (PAE).<\/p>\t\t\t\t\t\t\t\t<\/div>\n\t\t\t\t<\/div>\n\t\t\t\t<\/div>\n\t\t\t\t\t<\/div>\n\t\t\t\t<\/div>\n\t\t<div class=\"elementor-element elementor-element-5e708cc e-flex e-con-boxed e-con e-parent\" data-id=\"5e708cc\" data-element_type=\"container\" data-e-type=\"container\" data-settings=\"{&quot;background_background&quot;:&quot;classic&quot;,&quot;_ha_eqh_enable&quot;:false}\">\n\t\t\t\t\t<div class=\"e-con-inner\">\n\t\t<div class=\"elementor-element elementor-element-358f1a7 e-con-full e-flex e-con e-child\" data-id=\"358f1a7\" data-element_type=\"container\" data-e-type=\"container\" data-settings=\"{&quot;_ha_eqh_enable&quot;:false}\">\n\t\t\t\t<div class=\"elementor-element elementor-element-8e9285c elementor-widget elementor-widget-text-editor\" data-id=\"8e9285c\" data-element_type=\"widget\" data-e-type=\"widget\" data-widget_type=\"text-editor.default\">\n\t\t\t\t<div class=\"elementor-widget-container\">\n\t\t\t\t\t\t\t\t\t<p>EN LA <strong>ATUALMENTE<\/strong><\/p>\t\t\t\t\t\t\t\t<\/div>\n\t\t\t\t<\/div>\n\t\t\t\t<div class=\"elementor-element elementor-element-ed3006a elementor-widget elementor-widget-text-editor\" data-id=\"ed3006a\" data-element_type=\"widget\" data-e-type=\"widget\" data-widget_type=\"text-editor.default\">\n\t\t\t\t<div class=\"elementor-widget-container\">\n\t\t\t\t\t\t\t\t\t<p>Desde 2021, os quatro pa\u00edses uniram esfor\u00e7os para promover o Projeto Porte M\u00e9dio (PPM): <b>\"Implementa\u00e7\u00e3o do Programa de A\u00e7\u00e3o Estrat\u00e9gica para o Sistema Aqu\u00edfero Guarani: Possibilitando A\u00e7\u00f5es Regionais\"<\/b>em conjunto com o Banco de Desenvolvimento da Am\u00e9rica Latina e o Caribe (CAF), a UNESCO e com a colabora\u00e7\u00e3o do Centro Regional de Gest\u00e3o de \u00c1guas Subterr\u00e2neas da Am\u00e9rica Latina e do Caribe (CeReGAS) e financiamento do Fundo Global para o Meio Ambiente (GEF). O projeto come\u00e7ou a ser implementado em julho de 2022 e seu principal objetivo \u00e9 promover a coopera\u00e7\u00e3o transfronteiri\u00e7a entre os pa\u00edses para a gest\u00e3o adequada desse recurso h\u00eddrico, com o fim de fortalecer a sustentabilidade do Sistema Aqu\u00edfero a longo prazo.<\/p>\t\t\t\t\t\t\t\t<\/div>\n\t\t\t\t<\/div>\n\t\t\t\t<div class=\"elementor-element elementor-element-43c331f elementor-widget elementor-widget-button\" data-id=\"43c331f\" data-element_type=\"widget\" data-e-type=\"widget\" data-widget_type=\"button.default\">\n\t\t\t\t<div class=\"elementor-widget-container\">\n\t\t\t\t\t\t\t\t\t<div class=\"elementor-button-wrapper\">\n\t\t\t\t\t<a class=\"elementor-button elementor-button-link elementor-size-sm\" href=\"https:\/\/acuiferoguarani.org\/pt\/proyecto\/\">\n\t\t\t\t\t\t<span class=\"elementor-button-content-wrapper\">\n\t\t\t\t\t\t\t\t\t<span class=\"elementor-button-text\">Descubra mais<\/span>\n\t\t\t\t\t<\/span>\n\t\t\t\t\t<\/a>\n\t\t\t\t<\/div>\n\t\t\t\t\t\t\t\t<\/div>\n\t\t\t\t<\/div>\n\t\t\t\t<\/div>\n\t\t\t\t\t<\/div>\n\t\t\t\t<\/div>\n\t\t<div class=\"elementor-element elementor-element-63bad8c9 e-flex e-con-boxed e-con e-parent\" data-id=\"63bad8c9\" data-element_type=\"container\" data-e-type=\"container\" data-settings=\"{&quot;background_background&quot;:&quot;classic&quot;,&quot;_ha_eqh_enable&quot;:false}\">\n\t\t\t\t\t<div class=\"e-con-inner\">\n\t\t<div class=\"elementor-element elementor-element-6aff2ed7 e-con-full e-flex e-con e-child\" data-id=\"6aff2ed7\" data-element_type=\"container\" data-e-type=\"container\" data-settings=\"{&quot;_ha_eqh_enable&quot;:false}\">\n\t\t\t\t<div class=\"elementor-element elementor-element-4e532c5b elementor-widget elementor-widget-image\" data-id=\"4e532c5b\" data-element_type=\"widget\" data-e-type=\"widget\" data-widget_type=\"image.default\">\n\t\t\t\t<div class=\"elementor-widget-container\">\n\t\t\t\t\t\t\t\t\t\t\t\t\t\t\t\t<a href=\"https:\/\/acuiferoguarani.org\/pt\">\n\t\t\t\t\t\t\t<img decoding=\"async\" width=\"510\" height=\"343\" src=\"https:\/\/acuiferoguarani.org\/wp-content\/uploads\/2023\/10\/footer-logo.png\" class=\"attachment-large size-large wp-image-112\" alt=\"\" srcset=\"https:\/\/acuiferoguarani.org\/wp-content\/uploads\/2023\/10\/footer-logo.png 510w, https:\/\/acuiferoguarani.org\/wp-content\/uploads\/2023\/10\/footer-logo-300x202.png 300w\" sizes=\"(max-width: 510px) 100vw, 510px\" \/>\t\t\t\t\t\t\t\t<\/a>\n\t\t\t\t\t\t\t\t\t\t\t\t\t\t\t<\/div>\n\t\t\t\t<\/div>\n\t\t\t\t<\/div>\n\t\t<div class=\"elementor-element elementor-element-67f8cb1f e-con-full e-flex e-con e-child\" data-id=\"67f8cb1f\" data-element_type=\"container\" data-e-type=\"container\" data-settings=\"{&quot;_ha_eqh_enable&quot;:false}\">\n\t\t\t\t<div class=\"elementor-element elementor-element-1036dae7 elementor-widget elementor-widget-text-editor\" data-id=\"1036dae7\" data-element_type=\"widget\" data-e-type=\"widget\" data-widget_type=\"text-editor.default\">\n\t\t\t\t<div class=\"elementor-widget-container\">\n\t\t\t\t\t\t\t\t\t<p>2023 Sistema Aqu\u00edfero Guarani - Projeto de Porte M\u00e9dio (PPM). Implementa\u00e7\u00e3o do Programa de A\u00e7\u00e3o Estrat\u00e9gica do SAG: Facilitando A\u00e7\u00f5es Regionais. Uma iniciativa do GEF, UNESCO e CAF.<\/p>\t\t\t\t\t\t\t\t<\/div>\n\t\t\t\t<\/div>\n\t\t\t\t<\/div>\n\t\t\t\t\t<\/div>\n\t\t\t\t<\/div>\n\t\t\t\t<\/div>","protected":false},"excerpt":{"rendered":"<p>Proyecto Acuifero Recursos Novedades Noticias Argentina Noticias Brasil Noticias Paraguay Noticias Uruguay PT El Sistema Acu\u00edfero Guaran\u00ed El Sistema Acu\u00edfero [&hellip;]<\/p>","protected":false},"author":1,"featured_media":0,"parent":0,"menu_order":0,"comment_status":"closed","ping_status":"closed","template":"elementor_canvas","meta":{"site-sidebar-layout":"default","site-content-layout":"","ast-site-content-layout":"default","site-content-style":"default","site-sidebar-style":"default","ast-global-header-display":"","ast-banner-title-visibility":"","ast-main-header-display":"","ast-hfb-above-header-display":"","ast-hfb-below-header-display":"","ast-hfb-mobile-header-display":"","site-post-title":"","ast-breadcrumbs-content":"","ast-featured-img":"","footer-sml-layout":"","ast-disable-related-posts":"","theme-transparent-header-meta":"","adv-header-id-meta":"","stick-header-meta":"","header-above-stick-meta":"","header-main-stick-meta":"","header-below-stick-meta":"","astra-migrate-meta-layouts":"default","ast-page-background-enabled":"default","ast-page-background-meta":{"desktop":{"background-color":"var(--ast-global-color-5)","background-image":"","background-repeat":"repeat","background-position":"center center","background-size":"auto","background-attachment":"scroll","background-type":"","background-media":"","overlay-type":"","overlay-color":"","overlay-opacity":"","overlay-gradient":""},"tablet":{"background-color":"","background-image":"","background-repeat":"repeat","background-position":"center center","background-size":"auto","background-attachment":"scroll","background-type":"","background-media":"","overlay-type":"","overlay-color":"","overlay-opacity":"","overlay-gradient":""},"mobile":{"background-color":"","background-image":"","background-repeat":"repeat","background-position":"center center","background-size":"auto","background-attachment":"scroll","background-type":"","background-media":"","overlay-type":"","overlay-color":"","overlay-opacity":"","overlay-gradient":""}},"ast-content-background-meta":{"desktop":{"background-color":"var(--ast-global-color-4)","background-image":"","background-repeat":"repeat","background-position":"center center","background-size":"auto","background-attachment":"scroll","background-type":"","background-media":"","overlay-type":"","overlay-color":"","overlay-opacity":"","overlay-gradient":""},"tablet":{"background-color":"var(--ast-global-color-4)","background-image":"","background-repeat":"repeat","background-position":"center center","background-size":"auto","background-attachment":"scroll","background-type":"","background-media":"","overlay-type":"","overlay-color":"","overlay-opacity":"","overlay-gradient":""},"mobile":{"background-color":"var(--ast-global-color-4)","background-image":"","background-repeat":"repeat","background-position":"center center","background-size":"auto","background-attachment":"scroll","background-type":"","background-media":"","overlay-type":"","overlay-color":"","overlay-opacity":"","overlay-gradient":""}},"footnotes":""},"class_list":["post-247","page","type-page","status-publish","hentry"],"_links":{"self":[{"href":"https:\/\/acuiferoguarani.org\/pt\/wp-json\/wp\/v2\/pages\/247","targetHints":{"allow":["GET"]}}],"collection":[{"href":"https:\/\/acuiferoguarani.org\/pt\/wp-json\/wp\/v2\/pages"}],"about":[{"href":"https:\/\/acuiferoguarani.org\/pt\/wp-json\/wp\/v2\/types\/page"}],"author":[{"embeddable":true,"href":"https:\/\/acuiferoguarani.org\/pt\/wp-json\/wp\/v2\/users\/1"}],"replies":[{"embeddable":true,"href":"https:\/\/acuiferoguarani.org\/pt\/wp-json\/wp\/v2\/comments?post=247"}],"version-history":[{"count":46,"href":"https:\/\/acuiferoguarani.org\/pt\/wp-json\/wp\/v2\/pages\/247\/revisions"}],"predecessor-version":[{"id":840,"href":"https:\/\/acuiferoguarani.org\/pt\/wp-json\/wp\/v2\/pages\/247\/revisions\/840"}],"wp:attachment":[{"href":"https:\/\/acuiferoguarani.org\/pt\/wp-json\/wp\/v2\/media?parent=247"}],"curies":[{"name":"wp","href":"https:\/\/api.w.org\/{rel}","templated":true}]}}