{"id":973,"date":"2025-05-28T14:29:49","date_gmt":"2025-05-28T14:29:49","guid":{"rendered":"https:\/\/acuiferoguarani.org\/?page_id=973"},"modified":"2025-05-28T14:35:03","modified_gmt":"2025-05-28T14:35:03","slug":"novedades","status":"publish","type":"page","link":"https:\/\/acuiferoguarani.org\/pt\/novedades\/","title":{"rendered":"Novidades"},"content":{"rendered":"<div data-elementor-type=\"wp-page\" data-elementor-id=\"973\" class=\"elementor elementor-973\" data-elementor-settings=\"{&quot;ha_cmc_init_switcher&quot;:&quot;no&quot;}\" data-elementor-post-type=\"page\">\n\t\t\t\t<div class=\"elementor-element elementor-element-7e70ecea e-flex e-con-boxed e-con e-parent\" data-id=\"7e70ecea\" data-element_type=\"container\" data-e-type=\"container\" data-settings=\"{&quot;background_background&quot;:&quot;classic&quot;,&quot;_ha_eqh_enable&quot;:false}\">\n\t\t\t\t\t<div class=\"e-con-inner\">\n\t\t<div class=\"elementor-element elementor-element-2c7e2f02 e-con-full e-flex e-con e-child\" data-id=\"2c7e2f02\" data-element_type=\"container\" data-e-type=\"container\" data-settings=\"{&quot;_ha_eqh_enable&quot;:false}\">\n\t\t\t\t<div class=\"elementor-element elementor-element-68885d36 elementor-widget elementor-widget-image\" data-id=\"68885d36\" data-element_type=\"widget\" data-e-type=\"widget\" data-widget_type=\"image.default\">\n\t\t\t\t<div class=\"elementor-widget-container\">\n\t\t\t\t\t\t\t\t\t\t\t\t\t\t\t\t<a href=\"https:\/\/acuiferoguarani.org\/pt\">\n\t\t\t\t\t\t\t<img fetchpriority=\"high\" decoding=\"async\" width=\"768\" height=\"128\" src=\"https:\/\/acuiferoguarani.org\/wp-content\/uploads\/2023\/11\/logo-banderas-1-768x128.png\" class=\"attachment-medium_large size-medium_large wp-image-400\" alt=\"\" srcset=\"https:\/\/acuiferoguarani.org\/wp-content\/uploads\/2023\/11\/logo-banderas-1-768x128.png 768w, https:\/\/acuiferoguarani.org\/wp-content\/uploads\/2023\/11\/logo-banderas-1-300x50.png 300w, https:\/\/acuiferoguarani.org\/wp-content\/uploads\/2023\/11\/logo-banderas-1-1024x171.png 1024w, https:\/\/acuiferoguarani.org\/wp-content\/uploads\/2023\/11\/logo-banderas-1-1536x256.png 1536w, https:\/\/acuiferoguarani.org\/wp-content\/uploads\/2023\/11\/logo-banderas-1-1568x262.png 1568w, https:\/\/acuiferoguarani.org\/wp-content\/uploads\/2023\/11\/logo-banderas-1.png 1743w\" sizes=\"(max-width: 768px) 100vw, 768px\" \/>\t\t\t\t\t\t\t\t<\/a>\n\t\t\t\t\t\t\t\t\t\t\t\t\t\t\t<\/div>\n\t\t\t\t<\/div>\n\t\t\t\t<\/div>\n\t\t<div class=\"elementor-element elementor-element-523aa1ea e-con-full e-flex e-con e-child\" data-id=\"523aa1ea\" data-element_type=\"container\" data-e-type=\"container\" data-settings=\"{&quot;_ha_eqh_enable&quot;:false}\">\n\t\t\t\t<div class=\"elementor-element elementor-element-292f52de elementor-nav-menu__align-end elementor-nav-menu--stretch elementor-nav-menu--dropdown-tablet elementor-nav-menu__text-align-aside elementor-nav-menu--toggle elementor-nav-menu--burger elementor-widget elementor-widget-nav-menu\" data-id=\"292f52de\" data-element_type=\"widget\" data-e-type=\"widget\" data-settings=\"{&quot;full_width&quot;:&quot;stretch&quot;,&quot;layout&quot;:&quot;horizontal&quot;,&quot;submenu_icon&quot;:{&quot;value&quot;:&quot;&lt;i class=\\&quot;fas fa-caret-down\\&quot;&gt;&lt;\\\/i&gt;&quot;,&quot;library&quot;:&quot;fa-solid&quot;},&quot;toggle&quot;:&quot;burger&quot;}\" data-widget_type=\"nav-menu.default\">\n\t\t\t\t<div class=\"elementor-widget-container\">\n\t\t\t\t\t\t\t\t<nav aria-label=\"Menu\" class=\"elementor-nav-menu--main elementor-nav-menu__container elementor-nav-menu--layout-horizontal e--pointer-none\">\n\t\t\t\t<ul id=\"menu-1-292f52de\" class=\"elementor-nav-menu\"><li class=\"menu-item menu-item-type-post_type menu-item-object-page menu-item-260\"><a href=\"https:\/\/acuiferoguarani.org\/pt\/proyecto\/\" class=\"elementor-item menu-link\">Projeto<\/a><\/li>\n<li class=\"menu-item menu-item-type-post_type menu-item-object-page menu-item-261\"><a href=\"https:\/\/acuiferoguarani.org\/pt\/acuifero\/\" class=\"elementor-item menu-link\">Aqu\u00edfero<\/a><\/li>\n<li class=\"menu-item menu-item-type-post_type menu-item-object-page menu-item-257\"><a href=\"https:\/\/acuiferoguarani.org\/pt\/recursos\/\" class=\"elementor-item menu-link\">Recursos<\/a><\/li>\n<li class=\"menu-item menu-item-type-custom menu-item-object-custom menu-item-has-children menu-item-784\"><a aria-expanded=\"false\" href=\"#\" class=\"elementor-item elementor-item-anchor menu-link\">Novidades<span role=\"button\" class=\"dropdown-menu-toggle ast-header-navigation-arrow\" tabindex=\"0\" aria-expanded=\"false\" aria-label=\"Menu Toggle\" aria-haspopup=\"true\"><\/span><\/a>\n<ul class=\"sub-menu elementor-nav-menu--dropdown\">\n\t<li class=\"menu-item menu-item-type-post_type menu-item-object-page menu-item-812\"><a href=\"https:\/\/acuiferoguarani.org\/pt\/noticias-argentina\/\" class=\"elementor-sub-item menu-link\">Noticias Argentina<\/a><\/li>\n\t<li class=\"menu-item menu-item-type-post_type menu-item-object-page menu-item-816\"><a href=\"https:\/\/acuiferoguarani.org\/pt\/noticias-brasil\/\" class=\"elementor-sub-item menu-link\">Noticias Brasil<\/a><\/li>\n\t<li class=\"menu-item menu-item-type-post_type menu-item-object-page menu-item-817\"><a href=\"https:\/\/acuiferoguarani.org\/pt\/noticias-paraguay\/\" class=\"elementor-sub-item menu-link\">Noticias Paraguay<\/a><\/li>\n\t<li class=\"menu-item menu-item-type-post_type menu-item-object-page menu-item-815\"><a href=\"https:\/\/acuiferoguarani.org\/pt\/noticias-uruguay\/\" class=\"elementor-sub-item menu-link\">Noticias Uruguay<\/a><\/li>\n<\/ul>\n<\/li>\n<li class=\"menu-item menu-item-type-post_type menu-item-object-page menu-item-966\"><a href=\"https:\/\/acuiferoguarani.org\/pt\/testimonios\/\" class=\"elementor-item menu-link\">Testemunho<\/a><\/li>\n<li class=\"trp-language-switcher-container menu-item menu-item-type-post_type menu-item-object-language_switcher menu-item-612\"><a href=\"https:\/\/acuiferoguarani.org\/wp-json\/wp\/v2\/pages\/973\/\" class=\"elementor-item elementor-item-anchor menu-link\"><span data-no-translation><span class=\"trp-ls-language-name\">ES<\/span><\/span><\/a><\/li>\n<\/ul>\t\t\t<\/nav>\n\t\t\t\t\t<div class=\"elementor-menu-toggle\" role=\"button\" tabindex=\"0\" aria-label=\"Menu Toggle\" aria-expanded=\"false\">\n\t\t\t<i aria-hidden=\"true\" role=\"presentation\" class=\"elementor-menu-toggle__icon--open eicon-menu-bar\"><\/i><i aria-hidden=\"true\" role=\"presentation\" class=\"elementor-menu-toggle__icon--close eicon-close\"><\/i>\t\t<\/div>\n\t\t\t\t\t<nav class=\"elementor-nav-menu--dropdown elementor-nav-menu__container\" aria-hidden=\"true\">\n\t\t\t\t<ul id=\"menu-2-292f52de\" class=\"elementor-nav-menu\"><li class=\"menu-item menu-item-type-post_type menu-item-object-page menu-item-260\"><a href=\"https:\/\/acuiferoguarani.org\/pt\/proyecto\/\" class=\"elementor-item menu-link\" tabindex=\"-1\">Projeto<\/a><\/li>\n<li class=\"menu-item menu-item-type-post_type menu-item-object-page menu-item-261\"><a href=\"https:\/\/acuiferoguarani.org\/pt\/acuifero\/\" class=\"elementor-item menu-link\" tabindex=\"-1\">Aqu\u00edfero<\/a><\/li>\n<li class=\"menu-item menu-item-type-post_type menu-item-object-page menu-item-257\"><a href=\"https:\/\/acuiferoguarani.org\/pt\/recursos\/\" class=\"elementor-item menu-link\" tabindex=\"-1\">Recursos<\/a><\/li>\n<li class=\"menu-item menu-item-type-custom menu-item-object-custom menu-item-has-children menu-item-784\"><a aria-expanded=\"false\" href=\"#\" class=\"elementor-item elementor-item-anchor menu-link\" tabindex=\"-1\">Novidades<span role=\"button\" class=\"dropdown-menu-toggle ast-header-navigation-arrow\" tabindex=\"0\" aria-expanded=\"false\" aria-label=\"Menu Toggle\" aria-haspopup=\"true\"><\/span><\/a>\n<ul class=\"sub-menu elementor-nav-menu--dropdown\">\n\t<li class=\"menu-item menu-item-type-post_type menu-item-object-page menu-item-812\"><a href=\"https:\/\/acuiferoguarani.org\/pt\/noticias-argentina\/\" class=\"elementor-sub-item menu-link\" tabindex=\"-1\">Noticias Argentina<\/a><\/li>\n\t<li class=\"menu-item menu-item-type-post_type menu-item-object-page menu-item-816\"><a href=\"https:\/\/acuiferoguarani.org\/pt\/noticias-brasil\/\" class=\"elementor-sub-item menu-link\" tabindex=\"-1\">Noticias Brasil<\/a><\/li>\n\t<li class=\"menu-item menu-item-type-post_type menu-item-object-page menu-item-817\"><a href=\"https:\/\/acuiferoguarani.org\/pt\/noticias-paraguay\/\" class=\"elementor-sub-item menu-link\" tabindex=\"-1\">Noticias Paraguay<\/a><\/li>\n\t<li class=\"menu-item menu-item-type-post_type menu-item-object-page menu-item-815\"><a href=\"https:\/\/acuiferoguarani.org\/pt\/noticias-uruguay\/\" class=\"elementor-sub-item menu-link\" tabindex=\"-1\">Noticias Uruguay<\/a><\/li>\n<\/ul>\n<\/li>\n<li class=\"menu-item menu-item-type-post_type menu-item-object-page menu-item-966\"><a href=\"https:\/\/acuiferoguarani.org\/pt\/testimonios\/\" class=\"elementor-item menu-link\" tabindex=\"-1\">Testemunho<\/a><\/li>\n<li class=\"trp-language-switcher-container menu-item menu-item-type-post_type menu-item-object-language_switcher menu-item-612\"><a href=\"https:\/\/acuiferoguarani.org\/wp-json\/wp\/v2\/pages\/973\/\" class=\"elementor-item elementor-item-anchor menu-link\" tabindex=\"-1\"><span data-no-translation><span class=\"trp-ls-language-name\">ES<\/span><\/span><\/a><\/li>\n<\/ul>\t\t\t<\/nav>\n\t\t\t\t\t\t<\/div>\n\t\t\t\t<\/div>\n\t\t\t\t<\/div>\n\t\t\t\t\t<\/div>\n\t\t\t\t<\/div>\n\t\t<div class=\"elementor-element elementor-element-1a75f93e e-flex e-con-boxed e-con e-parent\" data-id=\"1a75f93e\" data-element_type=\"container\" data-e-type=\"container\" data-settings=\"{&quot;background_background&quot;:&quot;gradient&quot;,&quot;_ha_eqh_enable&quot;:false}\">\n\t\t\t\t\t<div class=\"e-con-inner\">\n\t\t<div class=\"elementor-element elementor-element-5d1601d7 e-con-full e-flex e-con e-child\" data-id=\"5d1601d7\" data-element_type=\"container\" data-e-type=\"container\" data-settings=\"{&quot;_ha_eqh_enable&quot;:false}\">\n\t\t\t\t<div class=\"elementor-element elementor-element-69c21f3e elementor-widget elementor-widget-heading\" data-id=\"69c21f3e\" data-element_type=\"widget\" data-e-type=\"widget\" data-widget_type=\"heading.default\">\n\t\t\t\t<div class=\"elementor-widget-container\">\n\t\t\t\t\t<h2 class=\"elementor-heading-title elementor-size-default\">Novidades<\/h2>\t\t\t\t<\/div>\n\t\t\t\t<\/div>\n\t\t\t\t<\/div>\n\t\t\t\t\t<\/div>\n\t\t\t\t<\/div>\n\t\t<div class=\"elementor-element elementor-element-30cdada9 e-flex e-con-boxed e-con e-parent\" data-id=\"30cdada9\" data-element_type=\"container\" data-e-type=\"container\" data-settings=\"{&quot;background_background&quot;:&quot;classic&quot;,&quot;_ha_eqh_enable&quot;:&quot;yes&quot;,&quot;_ha_eqh_to&quot;:&quot;widget&quot;,&quot;_ha_eqh_disable_on_tablet&quot;:&quot;no&quot;,&quot;_ha_eqh_disable_on_mobile&quot;:&quot;yes&quot;}\">\n\t\t\t\t\t<div class=\"e-con-inner\">\n\t\t<div class=\"elementor-element elementor-element-b2c461f e-con-full e-flex e-con e-child\" data-id=\"b2c461f\" data-element_type=\"container\" data-e-type=\"container\" data-settings=\"{&quot;_ha_eqh_enable&quot;:false}\">\n\t\t\t\t<div class=\"elementor-element elementor-element-604696f elementor-widget elementor-widget-image\" data-id=\"604696f\" data-element_type=\"widget\" data-e-type=\"widget\" data-widget_type=\"image.default\">\n\t\t\t\t<div class=\"elementor-widget-container\">\n\t\t\t\t\t\t\t\t\t\t\t\t\t\t\t\t<a href=\"https:\/\/acuiferoguarani.org\/pt\/noticias-argentina\/\">\n\t\t\t\t\t\t\t<img decoding=\"async\" width=\"1024\" height=\"716\" src=\"https:\/\/acuiferoguarani.org\/wp-content\/uploads\/2025\/05\/Argentina-Flag-3-1024x716.jpg\" class=\"attachment-large size-large wp-image-982\" alt=\"\" srcset=\"https:\/\/acuiferoguarani.org\/wp-content\/uploads\/2025\/05\/Argentina-Flag-3-1024x716.jpg 1024w, https:\/\/acuiferoguarani.org\/wp-content\/uploads\/2025\/05\/Argentina-Flag-3-300x210.jpg 300w, https:\/\/acuiferoguarani.org\/wp-content\/uploads\/2025\/05\/Argentina-Flag-3-768x537.jpg 768w, https:\/\/acuiferoguarani.org\/wp-content\/uploads\/2025\/05\/Argentina-Flag-3-18x12.jpg 18w, https:\/\/acuiferoguarani.org\/wp-content\/uploads\/2025\/05\/Argentina-Flag-3.jpg 1227w\" sizes=\"(max-width: 1024px) 100vw, 1024px\" \/>\t\t\t\t\t\t\t\t<\/a>\n\t\t\t\t\t\t\t\t\t\t\t\t\t\t\t<\/div>\n\t\t\t\t<\/div>\n\t\t\t\t<div class=\"elementor-element elementor-element-a6a0050 elementor-widget elementor-widget-heading\" data-id=\"a6a0050\" data-element_type=\"widget\" data-e-type=\"widget\" data-widget_type=\"heading.default\">\n\t\t\t\t<div class=\"elementor-widget-container\">\n\t\t\t\t\t<h4 class=\"elementor-heading-title elementor-size-default\"><a href=\"https:\/\/acuiferoguarani.org\/pt\/noticias-argentina\/\">Noticias Argentina<\/a><\/h4>\t\t\t\t<\/div>\n\t\t\t\t<\/div>\n\t\t\t\t<\/div>\n\t\t<div class=\"elementor-element elementor-element-70738fd e-con-full e-flex e-con e-child\" data-id=\"70738fd\" data-element_type=\"container\" data-e-type=\"container\" data-settings=\"{&quot;_ha_eqh_enable&quot;:false}\">\n\t\t\t\t<div class=\"elementor-element elementor-element-22eb1ab elementor-widget elementor-widget-image\" data-id=\"22eb1ab\" data-element_type=\"widget\" data-e-type=\"widget\" data-widget_type=\"image.default\">\n\t\t\t\t<div class=\"elementor-widget-container\">\n\t\t\t\t\t\t\t\t\t\t\t\t\t\t\t\t<a href=\"https:\/\/acuiferoguarani.org\/pt\/noticias-brasil\/\">\n\t\t\t\t\t\t\t<img decoding=\"async\" width=\"1024\" height=\"716\" src=\"https:\/\/acuiferoguarani.org\/wp-content\/uploads\/2025\/05\/Brasil-Flag-2-1024x716.jpg\" class=\"attachment-large size-large wp-image-981\" alt=\"\" srcset=\"https:\/\/acuiferoguarani.org\/wp-content\/uploads\/2025\/05\/Brasil-Flag-2-1024x716.jpg 1024w, https:\/\/acuiferoguarani.org\/wp-content\/uploads\/2025\/05\/Brasil-Flag-2-300x210.jpg 300w, https:\/\/acuiferoguarani.org\/wp-content\/uploads\/2025\/05\/Brasil-Flag-2-768x537.jpg 768w, https:\/\/acuiferoguarani.org\/wp-content\/uploads\/2025\/05\/Brasil-Flag-2-18x12.jpg 18w, https:\/\/acuiferoguarani.org\/wp-content\/uploads\/2025\/05\/Brasil-Flag-2.jpg 1227w\" sizes=\"(max-width: 1024px) 100vw, 1024px\" \/>\t\t\t\t\t\t\t\t<\/a>\n\t\t\t\t\t\t\t\t\t\t\t\t\t\t\t<\/div>\n\t\t\t\t<\/div>\n\t\t\t\t<div class=\"elementor-element elementor-element-a012a9c elementor-widget elementor-widget-heading\" data-id=\"a012a9c\" data-element_type=\"widget\" data-e-type=\"widget\" data-widget_type=\"heading.default\">\n\t\t\t\t<div class=\"elementor-widget-container\">\n\t\t\t\t\t<h4 class=\"elementor-heading-title elementor-size-default\"><a href=\"https:\/\/acuiferoguarani.org\/pt\/noticias-brasil\/\">Noticias Brasil<\/a><\/h4>\t\t\t\t<\/div>\n\t\t\t\t<\/div>\n\t\t\t\t<\/div>\n\t\t<div class=\"elementor-element elementor-element-544d075 e-con-full e-flex e-con e-child\" data-id=\"544d075\" data-element_type=\"container\" data-e-type=\"container\" data-settings=\"{&quot;_ha_eqh_enable&quot;:false}\">\n\t\t\t\t<div class=\"elementor-element elementor-element-7ddfa4d elementor-widget elementor-widget-image\" data-id=\"7ddfa4d\" data-element_type=\"widget\" data-e-type=\"widget\" data-widget_type=\"image.default\">\n\t\t\t\t<div class=\"elementor-widget-container\">\n\t\t\t\t\t\t\t\t\t\t\t\t\t\t\t\t<a href=\"https:\/\/acuiferoguarani.org\/pt\/noticias-paraguay\/\">\n\t\t\t\t\t\t\t<img loading=\"lazy\" decoding=\"async\" width=\"1024\" height=\"716\" src=\"https:\/\/acuiferoguarani.org\/wp-content\/uploads\/2025\/05\/Paraguay-Flag-3-1024x716.jpg\" class=\"attachment-large size-large wp-image-983\" alt=\"\" srcset=\"https:\/\/acuiferoguarani.org\/wp-content\/uploads\/2025\/05\/Paraguay-Flag-3-1024x716.jpg 1024w, https:\/\/acuiferoguarani.org\/wp-content\/uploads\/2025\/05\/Paraguay-Flag-3-300x210.jpg 300w, https:\/\/acuiferoguarani.org\/wp-content\/uploads\/2025\/05\/Paraguay-Flag-3-768x537.jpg 768w, https:\/\/acuiferoguarani.org\/wp-content\/uploads\/2025\/05\/Paraguay-Flag-3-18x12.jpg 18w, https:\/\/acuiferoguarani.org\/wp-content\/uploads\/2025\/05\/Paraguay-Flag-3.jpg 1227w\" sizes=\"(max-width: 1024px) 100vw, 1024px\" \/>\t\t\t\t\t\t\t\t<\/a>\n\t\t\t\t\t\t\t\t\t\t\t\t\t\t\t<\/div>\n\t\t\t\t<\/div>\n\t\t\t\t<div class=\"elementor-element elementor-element-80ffef7 elementor-widget elementor-widget-heading\" data-id=\"80ffef7\" data-element_type=\"widget\" data-e-type=\"widget\" data-widget_type=\"heading.default\">\n\t\t\t\t<div class=\"elementor-widget-container\">\n\t\t\t\t\t<h4 class=\"elementor-heading-title elementor-size-default\"><a href=\"https:\/\/acuiferoguarani.org\/pt\/noticias-paraguay\/\">Noticias Paraguay<\/a><\/h4>\t\t\t\t<\/div>\n\t\t\t\t<\/div>\n\t\t\t\t<\/div>\n\t\t<div class=\"elementor-element elementor-element-d7d38b3 e-con-full e-flex e-con e-child\" data-id=\"d7d38b3\" data-element_type=\"container\" data-e-type=\"container\" data-settings=\"{&quot;_ha_eqh_enable&quot;:false}\">\n\t\t\t\t<div class=\"elementor-element elementor-element-ab93dd4 elementor-widget elementor-widget-image\" data-id=\"ab93dd4\" data-element_type=\"widget\" data-e-type=\"widget\" data-widget_type=\"image.default\">\n\t\t\t\t<div class=\"elementor-widget-container\">\n\t\t\t\t\t\t\t\t\t\t\t\t\t\t\t\t<a href=\"https:\/\/acuiferoguarani.org\/pt\/noticias-uruguay\/\">\n\t\t\t\t\t\t\t<img loading=\"lazy\" decoding=\"async\" width=\"1024\" height=\"716\" src=\"https:\/\/acuiferoguarani.org\/wp-content\/uploads\/2025\/05\/Uruguay-Flag-03-1024x716.jpg\" class=\"attachment-large size-large wp-image-984\" alt=\"\" srcset=\"https:\/\/acuiferoguarani.org\/wp-content\/uploads\/2025\/05\/Uruguay-Flag-03-1024x716.jpg 1024w, https:\/\/acuiferoguarani.org\/wp-content\/uploads\/2025\/05\/Uruguay-Flag-03-300x210.jpg 300w, https:\/\/acuiferoguarani.org\/wp-content\/uploads\/2025\/05\/Uruguay-Flag-03-768x537.jpg 768w, https:\/\/acuiferoguarani.org\/wp-content\/uploads\/2025\/05\/Uruguay-Flag-03-18x12.jpg 18w, https:\/\/acuiferoguarani.org\/wp-content\/uploads\/2025\/05\/Uruguay-Flag-03.jpg 1227w\" sizes=\"(max-width: 1024px) 100vw, 1024px\" \/>\t\t\t\t\t\t\t\t<\/a>\n\t\t\t\t\t\t\t\t\t\t\t\t\t\t\t<\/div>\n\t\t\t\t<\/div>\n\t\t\t\t<div class=\"elementor-element elementor-element-d50ced3 elementor-widget elementor-widget-heading\" data-id=\"d50ced3\" data-element_type=\"widget\" data-e-type=\"widget\" data-widget_type=\"heading.default\">\n\t\t\t\t<div class=\"elementor-widget-container\">\n\t\t\t\t\t<h4 class=\"elementor-heading-title elementor-size-default\"><a href=\"https:\/\/acuiferoguarani.org\/pt\/noticias-uruguay\/\">Noticias Uruguay<\/a><\/h4>\t\t\t\t<\/div>\n\t\t\t\t<\/div>\n\t\t\t\t<\/div>\n\t\t\t\t\t<\/div>\n\t\t\t\t<\/div>\n\t\t<div class=\"elementor-element elementor-element-97663f5 e-con-full e-flex e-con e-parent\" data-id=\"97663f5\" data-element_type=\"container\" data-e-type=\"container\" data-settings=\"{&quot;background_background&quot;:&quot;classic&quot;,&quot;_ha_eqh_enable&quot;:false}\">\n\t\t<div class=\"elementor-element elementor-element-ae18453 e-flex e-con-boxed e-con e-child\" data-id=\"ae18453\" data-element_type=\"container\" data-e-type=\"container\" data-settings=\"{&quot;background_background&quot;:&quot;classic&quot;,&quot;_ha_eqh_enable&quot;:false}\">\n\t\t\t\t\t<div class=\"e-con-inner\">\n\t\t<a class=\"elementor-element elementor-element-d0c003b e-con-full e-flex e-con e-child\" data-id=\"d0c003b\" data-element_type=\"container\" data-e-type=\"container\" data-settings=\"{&quot;background_background&quot;:&quot;classic&quot;,&quot;_ha_eqh_enable&quot;:false}\" href=\"https:\/\/www.unesco.org\/es\/tags\/capa-acuifera\" target=\"_blank\">\n\t\t\t\t<div class=\"elementor-element elementor-element-6e77ac2 elementor-widget elementor-widget-text-editor\" data-id=\"6e77ac2\" data-element_type=\"widget\" data-e-type=\"widget\" data-widget_type=\"text-editor.default\">\n\t\t\t\t<div class=\"elementor-widget-container\">\n\t\t\t\t\t\t\t\t\t<p>Noticias sobre el SAG<\/p>\t\t\t\t\t\t\t\t<\/div>\n\t\t\t\t<\/div>\n\t\t\t\t<\/a>\n\t\t<a class=\"elementor-element elementor-element-311edb1 e-con-full e-flex e-con e-child\" data-id=\"311edb1\" data-element_type=\"container\" data-e-type=\"container\" data-settings=\"{&quot;background_background&quot;:&quot;classic&quot;,&quot;_ha_eqh_enable&quot;:false}\" href=\"https:\/\/www.unesco.org\/es\/tags\/agua-subterranea\" target=\"_blank\">\n\t\t\t\t<div class=\"elementor-element elementor-element-6ce51c6 elementor-widget elementor-widget-text-editor\" data-id=\"6ce51c6\" data-element_type=\"widget\" data-e-type=\"widget\" data-widget_type=\"text-editor.default\">\n\t\t\t\t<div class=\"elementor-widget-container\">\n\t\t\t\t\t\t\t\t\t<p>NOT\u00cdCIAS SOBRE \u00c1GUAS SUBTERR\u00c2NEAS<\/p>\t\t\t\t\t\t\t\t<\/div>\n\t\t\t\t<\/div>\n\t\t\t\t<\/a>\n\t\t\t\t\t<\/div>\n\t\t\t\t<\/div>\n\t\t\t\t<\/div>\n\t\t<div class=\"elementor-element elementor-element-18be8f5 e-flex e-con-boxed e-con e-parent\" data-id=\"18be8f5\" data-element_type=\"container\" data-e-type=\"container\" data-settings=\"{&quot;background_background&quot;:&quot;classic&quot;,&quot;_ha_eqh_enable&quot;:false}\">\n\t\t\t\t\t<div class=\"e-con-inner\">\n\t\t<div class=\"elementor-element elementor-element-5c416417 e-con-full e-flex e-con e-child\" data-id=\"5c416417\" data-element_type=\"container\" data-e-type=\"container\" data-settings=\"{&quot;_ha_eqh_enable&quot;:false}\">\n\t\t\t\t<div class=\"elementor-element elementor-element-2afec6fe elementor-widget elementor-widget-image\" data-id=\"2afec6fe\" data-element_type=\"widget\" data-e-type=\"widget\" data-widget_type=\"image.default\">\n\t\t\t\t<div class=\"elementor-widget-container\">\n\t\t\t\t\t\t\t\t\t\t\t\t\t\t\t\t<a href=\"https:\/\/acuiferoguarani.org\/pt\">\n\t\t\t\t\t\t\t<img loading=\"lazy\" decoding=\"async\" width=\"510\" height=\"343\" src=\"https:\/\/acuiferoguarani.org\/wp-content\/uploads\/2023\/10\/footer-logo.png\" class=\"attachment-large size-large wp-image-112\" alt=\"\" srcset=\"https:\/\/acuiferoguarani.org\/wp-content\/uploads\/2023\/10\/footer-logo.png 510w, https:\/\/acuiferoguarani.org\/wp-content\/uploads\/2023\/10\/footer-logo-300x202.png 300w\" sizes=\"(max-width: 510px) 100vw, 510px\" \/>\t\t\t\t\t\t\t\t<\/a>\n\t\t\t\t\t\t\t\t\t\t\t\t\t\t\t<\/div>\n\t\t\t\t<\/div>\n\t\t\t\t<\/div>\n\t\t<div class=\"elementor-element elementor-element-56d873ae e-con-full e-flex e-con e-child\" data-id=\"56d873ae\" data-element_type=\"container\" data-e-type=\"container\" data-settings=\"{&quot;_ha_eqh_enable&quot;:false}\">\n\t\t\t\t<div class=\"elementor-element elementor-element-2cc20b71 elementor-widget elementor-widget-text-editor\" data-id=\"2cc20b71\" data-element_type=\"widget\" data-e-type=\"widget\" data-widget_type=\"text-editor.default\">\n\t\t\t\t<div class=\"elementor-widget-container\">\n\t\t\t\t\t\t\t\t\t<p>2023 Sistema Aqu\u00edfero Guarani - Projeto de Porte M\u00e9dio (PPM). Implementa\u00e7\u00e3o do Programa de A\u00e7\u00e3o Estrat\u00e9gica do SAG: Facilitando A\u00e7\u00f5es Regionais. Uma iniciativa do GEF, UNESCO e CAF.<\/p>\t\t\t\t\t\t\t\t<\/div>\n\t\t\t\t<\/div>\n\t\t\t\t<\/div>\n\t\t\t\t\t<\/div>\n\t\t\t\t<\/div>\n\t\t\t\t<\/div>","protected":false},"excerpt":{"rendered":"<p>Novedades Noticias Argentina Noticias Brasil Noticias Paraguay Noticias Uruguay Noticias sobre el SAG NOTIcias sobre aguas subterr\u00e1neas 2023. Sistema Acuifero [&hellip;]<\/p>","protected":false},"author":1,"featured_media":0,"parent":0,"menu_order":0,"comment_status":"closed","ping_status":"closed","template":"elementor_canvas","meta":{"site-sidebar-layout":"default","site-content-layout":"","ast-site-content-layout":"default","site-content-style":"default","site-sidebar-style":"default","ast-global-header-display":"","ast-banner-title-visibility":"","ast-main-header-display":"","ast-hfb-above-header-display":"","ast-hfb-below-header-display":"","ast-hfb-mobile-header-display":"","site-post-title":"","ast-breadcrumbs-content":"","ast-featured-img":"","footer-sml-layout":"","ast-disable-related-posts":"","theme-transparent-header-meta":"","adv-header-id-meta":"","stick-header-meta":"","header-above-stick-meta":"","header-main-stick-meta":"","header-below-stick-meta":"","astra-migrate-meta-layouts":"default","ast-page-background-enabled":"default","ast-page-background-meta":{"desktop":{"background-color":"var(--ast-global-color-5)","background-image":"","background-repeat":"repeat","background-position":"center center","background-size":"auto","background-attachment":"scroll","background-type":"","background-media":"","overlay-type":"","overlay-color":"","overlay-opacity":"","overlay-gradient":""},"tablet":{"background-color":"","background-image":"","background-repeat":"repeat","background-position":"center center","background-size":"auto","background-attachment":"scroll","background-type":"","background-media":"","overlay-type":"","overlay-color":"","overlay-opacity":"","overlay-gradient":""},"mobile":{"background-color":"","background-image":"","background-repeat":"repeat","background-position":"center center","background-size":"auto","background-attachment":"scroll","background-type":"","background-media":"","overlay-type":"","overlay-color":"","overlay-opacity":"","overlay-gradient":""}},"ast-content-background-meta":{"desktop":{"background-color":"var(--ast-global-color-4)","background-image":"","background-repeat":"repeat","background-position":"center center","background-size":"auto","background-attachment":"scroll","background-type":"","background-media":"","overlay-type":"","overlay-color":"","overlay-opacity":"","overlay-gradient":""},"tablet":{"background-color":"var(--ast-global-color-4)","background-image":"","background-repeat":"repeat","background-position":"center center","background-size":"auto","background-attachment":"scroll","background-type":"","background-media":"","overlay-type":"","overlay-color":"","overlay-opacity":"","overlay-gradient":""},"mobile":{"background-color":"var(--ast-global-color-4)","background-image":"","background-repeat":"repeat","background-position":"center center","background-size":"auto","background-attachment":"scroll","background-type":"","background-media":"","overlay-type":"","overlay-color":"","overlay-opacity":"","overlay-gradient":""}},"footnotes":""},"class_list":["post-973","page","type-page","status-publish","hentry"],"_links":{"self":[{"href":"https:\/\/acuiferoguarani.org\/pt\/wp-json\/wp\/v2\/pages\/973","targetHints":{"allow":["GET"]}}],"collection":[{"href":"https:\/\/acuiferoguarani.org\/pt\/wp-json\/wp\/v2\/pages"}],"about":[{"href":"https:\/\/acuiferoguarani.org\/pt\/wp-json\/wp\/v2\/types\/page"}],"author":[{"embeddable":true,"href":"https:\/\/acuiferoguarani.org\/pt\/wp-json\/wp\/v2\/users\/1"}],"replies":[{"embeddable":true,"href":"https:\/\/acuiferoguarani.org\/pt\/wp-json\/wp\/v2\/comments?post=973"}],"version-history":[{"count":4,"href":"https:\/\/acuiferoguarani.org\/pt\/wp-json\/wp\/v2\/pages\/973\/revisions"}],"predecessor-version":[{"id":987,"href":"https:\/\/acuiferoguarani.org\/pt\/wp-json\/wp\/v2\/pages\/973\/revisions\/987"}],"wp:attachment":[{"href":"https:\/\/acuiferoguarani.org\/pt\/wp-json\/wp\/v2\/media?parent=973"}],"curies":[{"name":"wp","href":"https:\/\/api.w.org\/{rel}","templated":true}]}}